{"id":17,"date":"2013-08-24T10:54:13","date_gmt":"2013-08-24T10:54:13","guid":{"rendered":"http:\/\/localhost\/www.padoria-music.com\/?page_id=17"},"modified":"2024-05-14T08:40:47","modified_gmt":"2024-05-14T07:40:47","slug":"band","status":"publish","type":"page","link":"https:\/\/www.padoria-music.com\/?page_id=17","title":{"rendered":"Band"},"content":{"rendered":"<p align=\"center\">Sebastian Schmiedel&nbsp;\u2013 Vocals<\/p>\n<p align=\"center\">Mathias Frei \u2013 Guitar<\/p>\n<p align=\"center\">Jo\u00ebl Schnydrig&nbsp;\u2013 Bass<\/p>\n<p align=\"center\">Jan Burgener \u2013 Drums<\/p>\n<p><a href=\"https:\/\/www.padoria-music.com\/wp-content\/uploads\/2024\/05\/Gruppenfoto-sw-scaled.jpg\"><img loading=\"lazy\" class=\"size-large wp-image-1779\" src=\"https:\/\/www.padoria-music.com\/wp-content\/uploads\/2024\/05\/Gruppenfoto-sw-1024x685.jpg\" alt=\"\" width=\"1024\" height=\"685\" srcset=\"https:\/\/www.padoria-music.com\/wp-content\/uploads\/2024\/05\/Gruppenfoto-sw-1024x685.jpg 1024w, https:\/\/www.padoria-music.com\/wp-content\/uploads\/2024\/05\/Gruppenfoto-sw-300x201.jpg 300w, https:\/\/www.padoria-music.com\/wp-content\/uploads\/2024\/05\/Gruppenfoto-sw-768x513.jpg 768w, https:\/\/www.padoria-music.com\/wp-content\/uploads\/2024\/05\/Gruppenfoto-sw-1536x1027.jpg 1536w, https:\/\/www.padoria-music.com\/wp-content\/uploads\/2024\/05\/Gruppenfoto-sw-2048x1369.jpg 2048w\" sizes=\"(max-width: 1024px) 100vw, 1024px\" \/><\/a><\/p>\n<p>v.l.n.r: Jo\u00ebl, Sebastian, Jan, Mathias<\/p>\n<p>Die Gr\u00fcndung von PADORIA erfolgte im Januar 2010. Der ambitionierte Gitarrist Pascal Frei und Jo\u00ebl Schnydrig, ein damals 17 j\u00e4hriger, aber eifriger Bassist (beide Ex \u201eSkramasax\u201c), suchten eine neue musikalische Herausforderung.<\/p>\n<p>Nach einigen Experimenten mit verschiedenen Musikern, fand man in Nick (ehem. &#8220;Odyssee&#8221;) einen passenden und progressiven Drummer.<br \/>\nEs wurden einige Cover Versionen in Richtung Thrash Metal einstudiert.<br \/>\nDoch etwas fehlte noch: Der Gesang! Pica \u00fcberzeugte auf Anhieb mit ihrer kr\u00e4ftigen Stimme, die bereits in der berliner Combo \u201eFour Mistakes\u201c zum Einsatz kam.<br \/>\nIn dieser Konstellation gab es einen baldigen Kurswechsel zum Crossover und Alternative Metal.<br \/>\nIm Verlauf des Jahres 2012 wurden die ersten Shows gespielt, in denen die vier Musiker ihre gemeinsame Live Erfahrung machten und Padoria&#8217;s B\u00fchnenpr\u00e4senz etablierten.<\/p>\n<p>2013 verliess Drummer Nick die Band und wurde nach einigen Sessions von Pascal Guntern abgel\u00f6st, der sich dank viel k\u00fcnstlerischer Erfahrung und musikalischer Offenheit nahtlos in die Band integrierte. Doch damit nicht genug! Ein zweiter Gitarrist musste her, um dem charakteristischen Padoria Sound mehr F\u00fclle und Druck zu verschaffen.<br \/>\nF\u00fcr diesen Posten kam niemand anderes als Pascal Frei&#8217;s j\u00fcngerer Bruder Mathias in Frage, der als \u00fcberaus talentierter und erfahrener Rock- und Metal Gitarrist vor allem durch kreischende Soli und mit Songwriting \u00fcberzeugen konnte. Zusammen mit Jo\u00ebl wurden einige der heute bekannten, brachialen Padoria Riffs geschrieben.<\/p>\n<p>Im November 2014 verliess auch Pica die Band.<br \/>\nDer Ersatz viel Padoria Anfang 2015 fast zuf\u00e4llig in den Schoss:<br \/>\n\u00dcber eine Annonce im Internet konnte mit Sebastian &#8220;Basti&#8221; Schmiedel ein enorm vielseitiger S\u00e4nger gefunden werden, der das Klangbild der Band deutlich h\u00e4rter machte, was wiederum eine R\u00fcckkehr zum Thrash Metal bedeutete, die sowohl von der Band als auch den Fans sehr begr\u00fcsst wurde.<br \/>\nEs folgten mehrere Auftritte im Oberwallis sowie im Berner Oberland und sp\u00e4ter in Luzern, letzteres allerdings nicht vor zwei schicksalhaften Ereignissen, welche die Band f\u00fcr immer pr\u00e4gen sollte.<\/p>\n<p>Anfangs 2017 wurde die erste EP \u201cSuicidal Breed\u201d ver\u00f6ffentlicht, welche im Sommer 2016 bei Serge Spiga im Clockwork Studio in Grenchen aufgenommen wurde. Der gleichnamige Titelsong, in dem es um die selbstzerst\u00f6rerische Natur des Menschen in Verbindung mit der Herstellung und dem Einsatz von Atomwaffen geht, wurde schnell zum Publikumsliebling und wird an fast jedem Konzert zum Besten gegeben.<\/p>\n<p>Im Juli 2017 dann der Schock: Am Nachmittag des 18.07.2017 wird Gitarrist und Gr\u00fcndungsmitglied Pascal Frei auf dem Heimweg Opfer eines tragischen Zugunfalls.<br \/>\nWas in Wochen der Ungewissheit zuerst nach dem Ende von Padoria ausgesehen hat, wurde zu einem Versprechen. Denn noch am Grab des verstorbenen Musikers schwor man sich unter der Einwilligung von Pascals Bruder Mathias und seinem besten Freund und letztem verbleibenden Gr\u00fcndungsmitglied, Jo\u00ebl, das musikalische Erbe fortzuf\u00fchren.<br \/>\nDie Trag\u00f6die verarbeitete die Band unter Anderem in ihrem Song &#8220;Wargangster&#8221;.<\/p>\n<p>Pascal wurde nicht ersetzt, stattdessen machte die Band als Vierer Combo weiter, wodurch der Bass mehr in den Vordergrund geriet und Padoria einen Hauch von 80er Jahre Teutonic Thrash verlieh.<\/p>\n<p>Generell ist es jedoch schwierig den Stil des Gesamtpakets &#8220;Padoria&#8221; einem bestimmten Genre zuzuordnen, da alle Songs in verschiedenen kreativen Phasen und unter dem Einfluss sehr unterschiedlicher Musiker geschrieben wurden. &#8220;Abwechslungsreich und immer auf die Fresse&#8221; beschreibt die Konzerte jedoch sehr gut!<br \/>\nWer also gerne die Haare sch\u00fcttelt, schwitzt und sich in Circlepits mit Bier duschen m\u00f6chte, findet an Padoria Gigs immer ein Zuhause!<\/p>\n<p>In der zweiten Jahresh\u00e4lfte 2020 wurde das neue Album &#8220;Antagonist&#8221; aufgenommen, welches am 18. Juni 2021 das Licht der Welt erblickte. 10 abwechslungsreiche Songs, bei welchen auch noch Pascal Frei als Riff Schreiber mitgewirkt hat. Check this out!<\/p>\n<p>Am 28.08.2021 wurde die neue Platte Antagonist im Moshpit Music Club in Naters getauft sowie auch das 10 j\u00e4hrige Bestehen der Band nachgefeiert. Zugleich war es auch das letzte Konzert von Drummer Pascal Guntern. Er entschied sich Padoria nach 8 Jahren aus zeitlichen Gr\u00fcnden zu verlassen.<\/p>\n<p>Ein Nachfolger liess aber nicht lange auf sich warten. Nach einer Audition wurde Aaron Hutter als neuer Drummer auserkoren. Er \u00fcberzeugte auf Anhieb mit seinem guten technischen Drumming und seiner sehr umg\u00e4nglichen Pers\u00f6nlichkeit. Er ist auch bei der Band Tylangir aktiv, welche mit ihrem Stil im Oberwallis einzigartig sind.<\/p>\n<p>Anfang Herbst 2023 entschied sich Aaron die Band aus zeitlichen Gr\u00fcnden zu verlassen. Wieder machte man sich auf die Suche nach einem Drummer. Eher zuf\u00e4llig und spontan wurde im Fr\u00fchling 2024 der junge, walliser Drummer Jan Burgener gefunden, welcher sich nahtlos mit seinem K\u00f6nnen und seiner Menschlichkeit in die Band integrierte.<\/p>\n<p>Padoria r\u00fcstet sich nun f\u00fcr die n\u00e4chsten Gigs und festigt das neue Lineup. Stay tuned!<\/p>\n<p><a href=\"http:\/\/www.padoria-music.com\/wp-content\/uploads\/2013\/08\/Al-Packer.jpg\"><img loading=\"lazy\" src=\"http:\/\/www.padoria-music.com\/wp-content\/uploads\/2013\/08\/Al-Packer-1024x560.jpg\" alt=\"Al Packer\" width=\"674\" height=\"368\"><\/a><\/p>\n","protected":false},"excerpt":{"rendered":"<p>Sebastian Schmiedel&nbsp;\u2013 Vocals Mathias Frei \u2013 Guitar Jo\u00ebl Schnydrig&nbsp;\u2013 Bass Jan Burgener \u2013 Drums v.l.n.r: Jo\u00ebl, Sebastian, Jan, Mathias Die Gr\u00fcndung von PADORIA erfolgte im Januar 2010. Der ambitionierte Gitarrist Pascal Frei und Jo\u00ebl Schnydrig, ein damals 17 j\u00e4hriger, aber eifriger Bassist (beide Ex \u201eSkramasax\u201c), suchten eine neue musikalische Herausforderung. Nach einigen Experimenten mit verschiedenen [&hellip;]<\/p>\n","protected":false},"author":1,"featured_media":0,"parent":0,"menu_order":4,"comment_status":"closed","ping_status":"closed","template":"","meta":{"ngg_post_thumbnail":0},"_links":{"self":[{"href":"https:\/\/www.padoria-music.com\/index.php?rest_route=\/wp\/v2\/pages\/17"}],"collection":[{"href":"https:\/\/www.padoria-music.com\/index.php?rest_route=\/wp\/v2\/pages"}],"about":[{"href":"https:\/\/www.padoria-music.com\/index.php?rest_route=\/wp\/v2\/types\/page"}],"author":[{"embeddable":true,"href":"https:\/\/www.padoria-music.com\/index.php?rest_route=\/wp\/v2\/users\/1"}],"replies":[{"embeddable":true,"href":"https:\/\/www.padoria-music.com\/index.php?rest_route=%2Fwp%2Fv2%2Fcomments&post=17"}],"version-history":[{"count":66,"href":"https:\/\/www.padoria-music.com\/index.php?rest_route=\/wp\/v2\/pages\/17\/revisions"}],"predecessor-version":[{"id":1781,"href":"https:\/\/www.padoria-music.com\/index.php?rest_route=\/wp\/v2\/pages\/17\/revisions\/1781"}],"wp:attachment":[{"href":"https:\/\/www.padoria-music.com\/index.php?rest_route=%2Fwp%2Fv2%2Fmedia&parent=17"}],"curies":[{"name":"wp","href":"https:\/\/api.w.org\/{rel}","templated":true}]}}